{"id":881,"date":"2023-10-06T10:08:37","date_gmt":"2023-10-06T10:08:37","guid":{"rendered":"https:\/\/clindow.com\/accessibility\/"},"modified":"2023-10-06T10:08:37","modified_gmt":"2023-10-06T10:08:37","slug":"accessibility","status":"publish","type":"page","link":"https:\/\/clindow.com\/en\/accessibility\/","title":{"rendered":"Accessibility"},"content":{"rendered":"\t\t<div data-elementor-type=\"wp-page\" data-elementor-id=\"881\" class=\"elementor elementor-881\">\n\t\t\t\t\t\t<section class=\"elementor-section elementor-top-section elementor-element elementor-element-b7bd65c elementor-section-full_width elementor-section-height-min-height elementor-section-items-stretch elementor-section-content-middle elementor-section-height-default\" data-id=\"b7bd65c\" data-element_type=\"section\">\n\t\t\t\t\t\t<div class=\"elementor-container elementor-column-gap-default\">\n\t\t\t\t\t<div class=\"elementor-column elementor-col-50 elementor-top-column elementor-element elementor-element-3d742d4e\" data-id=\"3d742d4e\" data-element_type=\"column\" data-settings=\"{&quot;background_background&quot;:&quot;classic&quot;}\">\n\t\t\t<div class=\"elementor-widget-wrap elementor-element-populated\">\n\t\t\t\t\t\t<div class=\"elementor-element elementor-element-3affe429 elementor-widget elementor-widget-heading\" data-id=\"3affe429\" data-element_type=\"widget\" data-widget_type=\"heading.default\">\n\t\t\t\t<div class=\"elementor-widget-container\">\n\t\t\t<h1 class=\"elementor-heading-title elementor-size-default\">Accesibilidad<\/h1>\t\t<\/div>\n\t\t\t\t<\/div>\n\t\t\t\t\t<\/div>\n\t\t<\/div>\n\t\t\t\t<div class=\"elementor-column elementor-col-50 elementor-top-column elementor-element elementor-element-1bb113ec\" data-id=\"1bb113ec\" data-element_type=\"column\" data-settings=\"{&quot;background_background&quot;:&quot;classic&quot;}\">\n\t\t\t<div class=\"elementor-widget-wrap elementor-element-populated\">\n\t\t\t\t\t<div class=\"elementor-background-overlay\"><\/div>\n\t\t\t\t\t\t<div class=\"elementor-element elementor-element-8c4d27d elementor-widget elementor-widget-spacer\" data-id=\"8c4d27d\" data-element_type=\"widget\" data-widget_type=\"spacer.default\">\n\t\t\t\t<div class=\"elementor-widget-container\">\n\t\t\t\t\t<div class=\"elementor-spacer\">\n\t\t\t<div class=\"elementor-spacer-inner\"><\/div>\n\t\t<\/div>\n\t\t\t\t<\/div>\n\t\t\t\t<\/div>\n\t\t\t\t\t<\/div>\n\t\t<\/div>\n\t\t\t\t\t<\/div>\n\t\t<\/section>\n\t\t\t\t<section class=\"elementor-section elementor-top-section elementor-element elementor-element-950c259 elementor-section-boxed elementor-section-height-default elementor-section-height-default\" data-id=\"950c259\" data-element_type=\"section\">\n\t\t\t\t\t\t<div class=\"elementor-container elementor-column-gap-default\">\n\t\t\t\t\t<div class=\"elementor-column elementor-col-100 elementor-top-column elementor-element elementor-element-0fbbe6f\" data-id=\"0fbbe6f\" data-element_type=\"column\">\n\t\t\t<div class=\"elementor-widget-wrap elementor-element-populated\">\n\t\t\t\t\t\t<div class=\"elementor-element elementor-element-2374984 elementor-widget elementor-widget-text-editor\" data-id=\"2374984\" data-element_type=\"widget\" data-widget_type=\"text-editor.default\">\n\t\t\t\t<div class=\"elementor-widget-container\">\n\t\t\t\t\t\t\t<section class=\"elementor-section elementor-top-section elementor-element elementor-element-bae94fd elementor-section-boxed elementor-section-height-default elementor-section-height-default\" data-id=\"bae94fd\" data-element_type=\"section\"><div class=\"elementor-container elementor-column-gap-default\"><div class=\"elementor-column elementor-col-100 elementor-top-column elementor-element elementor-element-3b7567e\" data-id=\"3b7567e\" data-element_type=\"column\"><div class=\"elementor-widget-wrap elementor-element-populated\"><div class=\"elementor-element elementor-element-524f171 elementor-widget elementor-widget-heading\" data-id=\"524f171\" data-element_type=\"widget\" data-widget_type=\"heading.default\"><div class=\"elementor-widget-container\"><h1 class=\"elementor-heading-title elementor-size-default\">Declaraci\u00f3n de Accesibilidad<\/h1><\/div><\/div><\/div><\/div><\/div><\/section><section class=\"elementor-section elementor-top-section elementor-element elementor-element-91b4766 elementor-section-boxed elementor-section-height-default elementor-section-height-default\" data-id=\"91b4766\" data-element_type=\"section\"><div class=\"elementor-container elementor-column-gap-default\"><div class=\"elementor-column elementor-col-100 elementor-top-column elementor-element elementor-element-956c1f8\" data-id=\"956c1f8\" data-element_type=\"column\"><div class=\"elementor-widget-wrap elementor-element-populated\"><div class=\"elementor-element elementor-element-e39d358 elementor-widget elementor-widget-text-editor\" data-id=\"e39d358\" data-element_type=\"widget\" data-widget_type=\"text-editor.default\"><div class=\"elementor-widget-container\"><p><strong>clindow.com<\/strong>\u00a0se ha comprometido a hacer accesible su sitio web, de conformidad con el\u00a0<strong><a href=\"https:\/\/www.boe.es\/diario_boe\/txt.php?id=BOE-A-2018-12699\">Real Decreto 1112\/2018, de 7 de septiembre, sobre accesibilidad de los sitios web y aplicaciones para dispositivos m\u00f3viles del sector p\u00fablico<\/a>, por el que se traspone la\u00a0<a href=\"https:\/\/www.boe.es\/buscar\/doc.php?id=DOUE-L-2016-82305\">Directiva (UE) 2016\/2102<\/a><\/strong>\u00a0del Parlamento Europeo y del Consejo, de 26 de octubre de 2016.<\/p><p><br \/>La presente declaraci\u00f3n de accesibilidad se aplica sobre todas las p\u00e1ginas del dominio \u00ab<strong>clindow.com<\/strong>\u00ab, compuestas por la p\u00e1gina de inicio, las p\u00e1ginas de detalle de servicios\u00a0 y la p\u00e1gina de informaci\u00f3n sobre accesibilidad del sitio web.<br \/><br \/><br \/><strong><i>SITUACI\u00d3N DE CUMPLIMIENTO<\/i><\/strong><br \/><br \/>Este sitio web est\u00e1 en proceso de la obtenci\u00f3n del cumplimiento, pero a\u00fan no es conforme con la normas de accesibilidad incluidas en el\u00a0<strong>RD 1112\/2018<\/strong>.<br \/><br \/><\/p><p><strong><i>CONTENIDO NO ACCESIBLE<\/i><\/strong><br \/><br \/>Los contenidos ofrecidos en\u00a0<strong>este sitio<\/strong>\u00a0son accesibles en base al punto anterior.<br \/><br \/><br \/><strong><i>PREPARACI\u00d3N DE LA PRESENTE DECLARACI\u00d3N DE ACCESIBILIDAD<\/i><\/strong><\/p><p>La presente declaraci\u00f3n fue preparada el 18 de Septiembre de 2023.<\/p><p>El m\u00e9todo empleado para preparar la declaraci\u00f3n ha sido una autoevaluaci\u00f3n llevada a cabo con las herramientas habilitadas en p\u00e1ginas oficiales y no oficiales.<br \/><br \/>\u00daltima revisi\u00f3n de la declaraci\u00f3n: Septiembre de 2023.<br \/><br \/><br \/><strong><i>PROCEDIMIENTO DE APLICACI\u00d3N<\/i><\/strong><\/p><p>Puede realizar comunicaciones sobre requisitos de accesibilidad (art\u00edculo 10.2.a) del RD 1112\/2018) como por ejemplo:<\/p><ul><li>Informar sobre cualquier posible incumplimiento por parte de este sitio web<\/li><li>Transmitir otras dificultades de acceso al contenido<\/li><li>Formular cualquier otra consulta o sugerencia de mejora relativa a la accesibilidad del sitio web<\/li><\/ul><p>Indicar en el \u00abAsunto\u00bb que se trata de \u201cAccesibilidad web o en aplicaciones para m\u00f3viles\u201d, a trav\u00e9s del formulario web\u00a0de\u00a0<a href=\"https:\/\/clindow.com\/contacto\/\"><strong>Contacto<\/strong><\/a>.<\/p><p>Agradecemos de antemano su colaboraci\u00f3n, ya que redundar\u00e1 en la mejora del servicio que le prestamos.<\/p><p>Las comunicaciones ser\u00e1n recibidas y tratadas por nuestro Servicio de Atenci\u00f3n al Cliente.<\/p><p>La solicitud de informaci\u00f3n accesible y quejas (art\u00edculo 10.2b)) y las reclamaciones (art\u00edculo 13), del Real Decreto 1112\/2018, de 7 de septiembre, se tramitar\u00e1n a trav\u00e9s del formulario de\u00a0<a href=\"https:\/\/clindow.com\/contacto\/\"><strong>contacto web<\/strong><\/a>.<br \/><br \/><\/p><p><strong><i>CONTENIDO OPCIONAL<\/i><\/strong><br \/><br \/>Este sitio web aplica los requisitos de la Norma UNE-EN 301549:2019 considerando las excepciones del RD 1112\/2018.<br \/><br \/>La \u00faltima revisi\u00f3n de la accesibilidad se ha realizado en septiembre de 2023.<br \/><br \/>El sitio web est\u00e1 optimizado para los navegadores Microsoft Edge o versiones superiores y las \u00faltimas versiones vigentes de FireFox, Safari, Opera y Google Chrome. La resoluci\u00f3n web m\u00ednima recomendada es de 1280\u00d71024.<br \/><br \/>El sitio web est\u00e1 dise\u00f1ado para su visualizaci\u00f3n Responsive, con lo que se visualiza de forma \u00f3ptima en los dispositivos tablet y m\u00f3viles. En estos dispositivos est\u00e1 optimizado para su visualizaci\u00f3n en las \u00faltimas versiones vigentes de Chrome for mobile, Firefox for mobile, Safari mobile, Opera Mini y navegador nativo de Android.<\/p><\/div><\/div><\/div><\/div><\/div><\/section>\t\t\t\t\t\t<\/div>\n\t\t\t\t<\/div>\n\t\t\t\t\t<\/div>\n\t\t<\/div>\n\t\t\t\t\t<\/div>\n\t\t<\/section>\n\t\t\t\t<\/div>\n\t\t","protected":false},"excerpt":{"rendered":"<p>Accesibilidad Declaraci\u00f3n de Accesibilidad clindow.com se ha comprometido a hacer accesible su sitio web, de conformidad con el Real Decreto 1112\/2018, de 7 de septiembre, sobre accesibilidad de los sitios web y aplicaciones para dispositivos m\u00f3viles del sector p\u00fablico, por el que se traspone la Directiva (UE) 2016\/2102 del Parlamento Europeo y del Consejo, de [&hellip;]<\/p>\n","protected":false},"author":1,"featured_media":0,"parent":0,"menu_order":0,"comment_status":"closed","ping_status":"closed","template":"elementor_header_footer","meta":{"site-sidebar-layout":"default","site-content-layout":"","ast-site-content-layout":"","site-content-style":"default","site-sidebar-style":"default","ast-global-header-display":"","ast-banner-title-visibility":"","ast-main-header-display":"","ast-hfb-above-header-display":"","ast-hfb-below-header-display":"","ast-hfb-mobile-header-display":"","site-post-title":"","ast-breadcrumbs-content":"","ast-featured-img":"","footer-sml-layout":"","theme-transparent-header-meta":"","adv-header-id-meta":"","stick-header-meta":"","header-above-stick-meta":"","header-main-stick-meta":"","header-below-stick-meta":"","astra-migrate-meta-layouts":"default","ast-page-background-enabled":"default","ast-page-background-meta":{"desktop":{"background-color":"var(--ast-global-color-4)","background-image":"","background-repeat":"repeat","background-position":"center center","background-size":"auto","background-attachment":"scroll","background-type":"","background-media":"","overlay-type":"","overlay-color":"","overlay-opacity":"","overlay-gradient":""},"tablet":{"background-color":"","background-image":"","background-repeat":"repeat","background-position":"center center","background-size":"auto","background-attachment":"scroll","background-type":"","background-media":"","overlay-type":"","overlay-color":"","overlay-opacity":"","overlay-gradient":""},"mobile":{"background-color":"","background-image":"","background-repeat":"repeat","background-position":"center center","background-size":"auto","background-attachment":"scroll","background-type":"","background-media":"","overlay-type":"","overlay-color":"","overlay-opacity":"","overlay-gradient":""}},"ast-content-background-meta":{"desktop":{"background-color":"var(--ast-global-color-5)","background-image":"","background-repeat":"repeat","background-position":"center center","background-size":"auto","background-attachment":"scroll","background-type":"","background-media":"","overlay-type":"","overlay-color":"","overlay-opacity":"","overlay-gradient":""},"tablet":{"background-color":"var(--ast-global-color-5)","background-image":"","background-repeat":"repeat","background-position":"center center","background-size":"auto","background-attachment":"scroll","background-type":"","background-media":"","overlay-type":"","overlay-color":"","overlay-opacity":"","overlay-gradient":""},"mobile":{"background-color":"var(--ast-global-color-5)","background-image":"","background-repeat":"repeat","background-position":"center center","background-size":"auto","background-attachment":"scroll","background-type":"","background-media":"","overlay-type":"","overlay-color":"","overlay-opacity":"","overlay-gradient":""}},"footnotes":""},"class_list":["post-881","page","type-page","status-publish","hentry"],"yoast_head":"<!-- This site is optimized with the Yoast SEO plugin v27.5 - https:\/\/yoast.com\/product\/yoast-seo-wordpress\/ -->\n<title>Accessibility - Clindow<\/title>\n<meta name=\"robots\" content=\"index, follow, max-snippet:-1, max-image-preview:large, max-video-preview:-1\" \/>\n<link rel=\"canonical\" href=\"https:\/\/clindow.com\/en\/accessibility\/\" \/>\n<meta property=\"og:locale\" content=\"en_US\" \/>\n<meta property=\"og:type\" content=\"article\" \/>\n<meta property=\"og:title\" content=\"Accessibility - Clindow\" \/>\n<meta property=\"og:description\" content=\"Accesibilidad Declaraci\u00f3n de Accesibilidad clindow.com se ha comprometido a hacer accesible su sitio web, de conformidad con el Real Decreto 1112\/2018, de 7 de septiembre, sobre accesibilidad de los sitios web y aplicaciones para dispositivos m\u00f3viles del sector p\u00fablico, por el que se traspone la Directiva (UE) 2016\/2102 del Parlamento Europeo y del Consejo, de [&hellip;]\" \/>\n<meta property=\"og:url\" content=\"https:\/\/clindow.com\/en\/accessibility\/\" \/>\n<meta property=\"og:site_name\" content=\"Clindow\" \/>\n<meta property=\"og:image\" content=\"https:\/\/clindow.com\/wp-content\/uploads\/2023\/08\/logo_clindow_blanco-scaled.jpg\" \/>\n\t<meta property=\"og:image:width\" content=\"2560\" \/>\n\t<meta property=\"og:image:height\" content=\"1024\" \/>\n\t<meta property=\"og:image:type\" content=\"image\/jpeg\" \/>\n<meta name=\"twitter:card\" content=\"summary_large_image\" \/>\n<meta name=\"twitter:label1\" content=\"Est. reading time\" \/>\n\t<meta name=\"twitter:data1\" content=\"2 minutes\" \/>\n<script type=\"application\/ld+json\" class=\"yoast-schema-graph\">{\"@context\":\"https:\\\/\\\/schema.org\",\"@graph\":[{\"@type\":\"WebPage\",\"@id\":\"https:\\\/\\\/clindow.com\\\/en\\\/accessibility\\\/\",\"url\":\"https:\\\/\\\/clindow.com\\\/en\\\/accessibility\\\/\",\"name\":\"Accessibility - Clindow\",\"isPartOf\":{\"@id\":\"https:\\\/\\\/clindow.com\\\/en\\\/#website\"},\"datePublished\":\"2023-10-06T10:08:37+00:00\",\"breadcrumb\":{\"@id\":\"https:\\\/\\\/clindow.com\\\/en\\\/accessibility\\\/#breadcrumb\"},\"inLanguage\":\"en-US\",\"potentialAction\":[{\"@type\":\"ReadAction\",\"target\":[\"https:\\\/\\\/clindow.com\\\/en\\\/accessibility\\\/\"]}]},{\"@type\":\"BreadcrumbList\",\"@id\":\"https:\\\/\\\/clindow.com\\\/en\\\/accessibility\\\/#breadcrumb\",\"itemListElement\":[{\"@type\":\"ListItem\",\"position\":1,\"name\":\"Portada\",\"item\":\"https:\\\/\\\/clindow.com\\\/en\\\/\"},{\"@type\":\"ListItem\",\"position\":2,\"name\":\"Accessibility\"}]},{\"@type\":\"WebSite\",\"@id\":\"https:\\\/\\\/clindow.com\\\/en\\\/#website\",\"url\":\"https:\\\/\\\/clindow.com\\\/en\\\/\",\"name\":\"Clindow. Especialista en limpieza de cristales en Murcia\",\"description\":\"Especialistas en limpieza profesional de cristales en Murcia y alrededores\",\"publisher\":{\"@id\":\"https:\\\/\\\/clindow.com\\\/en\\\/#organization\"},\"alternateName\":\"Clindow. Limpiezas en Murcia\",\"potentialAction\":[{\"@type\":\"SearchAction\",\"target\":{\"@type\":\"EntryPoint\",\"urlTemplate\":\"https:\\\/\\\/clindow.com\\\/en\\\/?s={search_term_string}\"},\"query-input\":{\"@type\":\"PropertyValueSpecification\",\"valueRequired\":true,\"valueName\":\"search_term_string\"}}],\"inLanguage\":\"en-US\"},{\"@type\":\"Organization\",\"@id\":\"https:\\\/\\\/clindow.com\\\/en\\\/#organization\",\"name\":\"Clindow. Especialista en limpieza de cristales en Murcia\",\"url\":\"https:\\\/\\\/clindow.com\\\/en\\\/\",\"logo\":{\"@type\":\"ImageObject\",\"inLanguage\":\"en-US\",\"@id\":\"https:\\\/\\\/clindow.com\\\/en\\\/#\\\/schema\\\/logo\\\/image\\\/\",\"url\":\"https:\\\/\\\/clindow.com\\\/wp-content\\\/uploads\\\/2023\\\/08\\\/clindow-logo.jpg\",\"contentUrl\":\"https:\\\/\\\/clindow.com\\\/wp-content\\\/uploads\\\/2023\\\/08\\\/clindow-logo.jpg\",\"width\":326,\"height\":98,\"caption\":\"Clindow. Especialista en limpieza de cristales en Murcia\"},\"image\":{\"@id\":\"https:\\\/\\\/clindow.com\\\/en\\\/#\\\/schema\\\/logo\\\/image\\\/\"}}]}<\/script>\n<!-- \/ Yoast SEO plugin. -->","yoast_head_json":{"title":"Accessibility - Clindow","robots":{"index":"index","follow":"follow","max-snippet":"max-snippet:-1","max-image-preview":"max-image-preview:large","max-video-preview":"max-video-preview:-1"},"canonical":"https:\/\/clindow.com\/en\/accessibility\/","og_locale":"en_US","og_type":"article","og_title":"Accessibility - Clindow","og_description":"Accesibilidad Declaraci\u00f3n de Accesibilidad clindow.com se ha comprometido a hacer accesible su sitio web, de conformidad con el Real Decreto 1112\/2018, de 7 de septiembre, sobre accesibilidad de los sitios web y aplicaciones para dispositivos m\u00f3viles del sector p\u00fablico, por el que se traspone la Directiva (UE) 2016\/2102 del Parlamento Europeo y del Consejo, de [&hellip;]","og_url":"https:\/\/clindow.com\/en\/accessibility\/","og_site_name":"Clindow","og_image":[{"width":2560,"height":1024,"url":"https:\/\/clindow.com\/wp-content\/uploads\/2023\/08\/logo_clindow_blanco-scaled.jpg","type":"image\/jpeg"}],"twitter_card":"summary_large_image","twitter_misc":{"Est. reading time":"2 minutes"},"schema":{"@context":"https:\/\/schema.org","@graph":[{"@type":"WebPage","@id":"https:\/\/clindow.com\/en\/accessibility\/","url":"https:\/\/clindow.com\/en\/accessibility\/","name":"Accessibility - Clindow","isPartOf":{"@id":"https:\/\/clindow.com\/en\/#website"},"datePublished":"2023-10-06T10:08:37+00:00","breadcrumb":{"@id":"https:\/\/clindow.com\/en\/accessibility\/#breadcrumb"},"inLanguage":"en-US","potentialAction":[{"@type":"ReadAction","target":["https:\/\/clindow.com\/en\/accessibility\/"]}]},{"@type":"BreadcrumbList","@id":"https:\/\/clindow.com\/en\/accessibility\/#breadcrumb","itemListElement":[{"@type":"ListItem","position":1,"name":"Portada","item":"https:\/\/clindow.com\/en\/"},{"@type":"ListItem","position":2,"name":"Accessibility"}]},{"@type":"WebSite","@id":"https:\/\/clindow.com\/en\/#website","url":"https:\/\/clindow.com\/en\/","name":"Clindow. Especialista en limpieza de cristales en Murcia","description":"Especialistas en limpieza profesional de cristales en Murcia y alrededores","publisher":{"@id":"https:\/\/clindow.com\/en\/#organization"},"alternateName":"Clindow. Limpiezas en Murcia","potentialAction":[{"@type":"SearchAction","target":{"@type":"EntryPoint","urlTemplate":"https:\/\/clindow.com\/en\/?s={search_term_string}"},"query-input":{"@type":"PropertyValueSpecification","valueRequired":true,"valueName":"search_term_string"}}],"inLanguage":"en-US"},{"@type":"Organization","@id":"https:\/\/clindow.com\/en\/#organization","name":"Clindow. Especialista en limpieza de cristales en Murcia","url":"https:\/\/clindow.com\/en\/","logo":{"@type":"ImageObject","inLanguage":"en-US","@id":"https:\/\/clindow.com\/en\/#\/schema\/logo\/image\/","url":"https:\/\/clindow.com\/wp-content\/uploads\/2023\/08\/clindow-logo.jpg","contentUrl":"https:\/\/clindow.com\/wp-content\/uploads\/2023\/08\/clindow-logo.jpg","width":326,"height":98,"caption":"Clindow. Especialista en limpieza de cristales en Murcia"},"image":{"@id":"https:\/\/clindow.com\/en\/#\/schema\/logo\/image\/"}}]}},"_links":{"self":[{"href":"https:\/\/clindow.com\/en\/wp-json\/wp\/v2\/pages\/881","targetHints":{"allow":["GET"]}}],"collection":[{"href":"https:\/\/clindow.com\/en\/wp-json\/wp\/v2\/pages"}],"about":[{"href":"https:\/\/clindow.com\/en\/wp-json\/wp\/v2\/types\/page"}],"author":[{"embeddable":true,"href":"https:\/\/clindow.com\/en\/wp-json\/wp\/v2\/users\/1"}],"replies":[{"embeddable":true,"href":"https:\/\/clindow.com\/en\/wp-json\/wp\/v2\/comments?post=881"}],"version-history":[{"count":0,"href":"https:\/\/clindow.com\/en\/wp-json\/wp\/v2\/pages\/881\/revisions"}],"wp:attachment":[{"href":"https:\/\/clindow.com\/en\/wp-json\/wp\/v2\/media?parent=881"}],"curies":[{"name":"wp","href":"https:\/\/api.w.org\/{rel}","templated":true}]}}